{"id":1746,"date":"2020-11-06T13:57:26","date_gmt":"2020-11-06T11:57:26","guid":{"rendered":"http:\/\/losinj-usluge.hr\/?page_id=1746"},"modified":"2023-12-27T14:34:47","modified_gmt":"2023-12-27T13:34:47","slug":"arhiva-natjecaja","status":"publish","type":"page","link":"https:\/\/losinj-usluge.hr\/?page_id=1746","title":{"rendered":"ARHIVA NATJE\u010cAJA"},"content":{"rendered":"\n<p><\/p>\n\n\n\n<h4 class=\"wp-block-heading\"><strong>7 &#8211; <\/strong><strong>J A V N I&nbsp; P O Z I V&nbsp; ZA DOSTAVU PONUDE<\/strong><\/h4>\n\n\n\n<h3 class=\"wp-block-heading\"><strong>Naru\u010ditelj Lo\u0161inj usluge d.o.o. pokrenuo je natje\u010daj:&nbsp;<\/strong><strong>usluge prijevoza kombijem na relaciji Mali Lo\u0161inj- Mrtva\u0161ka za 2021<\/strong><strong>.g.&nbsp;<\/strong><\/h3>\n\n\n\n<p>Sukladno \u010dlanku 18. stavku 3. Zakona o javnoj nabavi (NN 90\/11,83\/13 i 143\/13, 120\/16,114\/22) za nabavu roba i usluga procijenjene vrijednosti do 200.000 kn (bez PDV-a),naru\u010ditelj nije obvezan primjenjivati Zakon o javnoj nabavi.<\/p>\n\n\n\n<p>Dokumentacija za natje\u010daj:<\/p>\n\n\n\n<p><a href=\"http:\/\/losinj-usluge.hr\/wp-content\/uploads\/2020\/12\/POZIV-NA-DOSTAVU-PONUDE-PRIJEVOZ-MRTVA\u0160KA-2021.pdf\">&#8211; POZIV NA DOSTAVU PONUDE I PONUDBENI LIST- PRIJEVOZ MRTVA\u0160KA 2021<\/a><\/p>\n\n\n\n<p><a href=\"http:\/\/losinj-usluge.hr\/wp-content\/uploads\/2021\/01\/ZAPISNIK-O-OTVARANJU-PONUDA-MRTVASKA-2020.pdf\">-ZAPISNIK O OTVARANJU PONUDA MRTVA\u0160KA 2021<\/a><\/p>\n\n\n\n<h4 class=\"wp-block-heading\"><strong>8 &#8211; <\/strong><strong>J A V N I &nbsp; P O Z I V ZA DAVANJE PONUDA&nbsp;<\/strong><\/h4>\n\n\n\n<h4 class=\"wp-block-heading\"><strong>Lo\u0161inj usluge d.o.o. raspisuje Javni poziv&nbsp; za zajedni\u010dko ulaganje u izgradnji stambene zgrade u Malom Lo\u0161inju<\/strong><\/h4>\n\n\n\n<p>Trgiva\u010dko dru\u0161tvo Lo\u0161inj usluge d.o.o.,poziva sve zainteresirane investitore da dostave ponudu za zajedni\u010dko ulaganje u izgradnji stambene namjene u predjelu Ka\u0161tel u Malom Lo\u0161inju na nekretnini ozna\u010denoj kao k\u010d. 1507\/4 k.o. Mali Lo\u0161inj -grad.<\/p>\n\n\n\n<p>Za sve zainteresirane&nbsp; molimo preuzeti prilo\u017eene dokumente:<\/p>\n\n\n\n<p><strong><a href=\"http:\/\/losinj-usluge.hr\/wp-content\/uploads\/2020\/09\/JAVNI-POZIV-ZA-DAVANJE-PONUDE.pdf\">&#8211;<\/a><\/strong><strong><a href=\"http:\/\/losinj-usluge.hr\/?attachment_id=1671\"><strong>JAVNI POZIV ZA DAVANJE PONUDE<\/strong><\/a><\/strong><\/p>\n\n\n\n<p><strong><a href=\"http:\/\/losinj-usluge.hr\/wp-content\/uploads\/2020\/09\/OBRAZAC-PONUDBENI-LIST.pdf\">-OBRAZAC \u2013 PONUDBENI LIST<\/a><\/strong><\/p>\n\n\n\n<p><a href=\"http:\/\/losinj-usluge.hr\/wp-content\/uploads\/2021\/01\/ZAPISNIK-O-OTVARANJU-PONUDA-STAMBENA-ZGRADA-KASTEL.pdf\">-ZAPISNIK O OTVARANJU PONUDA-STAMBENA ZGRADA KA\u0160TEL<\/a><\/p>\n\n\n\n<h4 class=\"wp-block-heading\"><strong>9- <\/strong><strong>J A V N I &nbsp; P O Z I V &nbsp; &#8211; &nbsp;ZA ZAKUP<\/strong><\/h4>\n\n\n\n<p>U skladu sa \u010dl. 34. Odluke o organizaciji prometa (SLN PG\u017d 26\/09, 32\/09, 38\/10 , 10\/11,8\/13 i 18\/13)&nbsp; i Op\u0107im uvjetima o javnim parkirali\u0161tima na kojima se vr\u0161i naplata ,na\u010dinu naplate i visini naknade za parkiranje (SN PGZ 22\/13),&nbsp; Lo\u0161inj usluge d.o.o. dana : 13.04.2018.g., objavljuje:<\/p>\n\n\n\n<p><strong>JAVNI POZIV za davanje u zakup ukupno&nbsp; 37 ure\u0111enih rezerviranih parkirali\u0161nih mjesta u V. Lo\u0161inju na predjelu \u0160estavine.<\/strong><\/p>\n\n\n\n<p>Kompletnu dokumentaciju ( Javni poziv uvjeti i obrazac ponude), mo\u017eete preuzeti ovdje:<\/p>\n\n\n\n<p><strong><a href=\"http:\/\/losinj-usluge.hr\/wp-content\/uploads\/2018\/04\/JAVNI-POZIV-VELI-LO\u0160INJ-\u0160ESTAVINE.docx\">&#8211;<\/a><a href=\"http:\/\/losinj-usluge.hr\/wp-content\/uploads\/2018\/04\/JAVNI-POZIV-VELI-LO\u0160INJ-\u0160ESTAVINE.docx\">JAVNI<\/a><a href=\"http:\/\/losinj-usluge.hr\/wp-content\/uploads\/2018\/04\/JAVNI-POZIV-VELI-LO\u0160INJ-\u0160ESTAVINE.docx\"> POZIV VELI LO\u0160INJ \u0160ESTAVINE<\/a><\/strong><\/p>\n\n\n\n<h4 class=\"wp-block-heading\"><em><strong>10- POZIV NA NATJE\u010cAJ &#8211; Nekretnina Bri\u010dina<\/strong><\/em><\/h4>\n\n\n\n<p>Uprava&nbsp;trgova\u010dkog&nbsp;dru\u0161tva&nbsp;\u201cLO\u0160INJ&nbsp;USLUGE&nbsp;d.o.o.\u201c,&nbsp;uz&nbsp;prethodnu&nbsp;suglasnost&nbsp;Skup\u0161tine&nbsp;dru\u0161tva&nbsp;,&nbsp;radi&nbsp;prodaje&nbsp;nekretnina&nbsp;u&nbsp;vlasni\u0161tvu&nbsp;trgova\u010dkog&nbsp;dru\u0161tva&nbsp;\u201cLO\u0160INJ&nbsp;USLUGE&nbsp;d.o.o.\u201c,&nbsp;objavom&nbsp;u&nbsp;Novom&nbsp;listu&nbsp;i&nbsp;na&nbsp;web&nbsp;stranicama dru\u0161tva, dana 12.07.2017.g., raspisuje:<strong>&nbsp; J&nbsp;&nbsp;A&nbsp;&nbsp;V&nbsp;&nbsp;N&nbsp;&nbsp;I&nbsp;&nbsp;&nbsp;&nbsp;P&nbsp;&nbsp;O&nbsp;&nbsp;Z&nbsp;&nbsp;I&nbsp;&nbsp;V &nbsp;<\/strong>za&nbsp;kupnju &nbsp;nekretnina&nbsp;u&nbsp;vlasni\u0161tvu&nbsp;trgova\u010dkog&nbsp;dru\u0161tva&nbsp;\u201cLo\u0161inj&nbsp;usluge&nbsp;d.o.o.\u201c , kako slijedi:&nbsp; 1.&nbsp;<a href=\"http:\/\/losinj-usluge.hr\/wp-content\/uploads\/2017\/06\/Javni-poziv.pdf\">Javni poziv<\/a>&nbsp;2.<a href=\"http:\/\/losinj-usluge.hr\/wp-content\/uploads\/2017\/06\/Uvjeti-za-prodaju.pdf\">Uvjeti za prodaju<\/a>&nbsp;3.<a href=\"http:\/\/losinj-usluge.hr\/wp-content\/uploads\/2017\/06\/Ponuda-1.pdf\">Ponuda<\/a>&nbsp;4.<a href=\"http:\/\/losinj-usluge.hr\/wp-content\/uploads\/2017\/06\/Ponu\u0111ena-cijena-1.pdf\">Ponu\u0111ena cijena<\/a><\/p>\n\n\n\n<p><\/p>\n\n\n\n<p><em><strong>11- POZIV &nbsp;&#8211; Teretno vozilo Piaggio Porter Tiper<\/strong><\/em><\/p>\n\n\n\n<p>Uprava&nbsp;trgova\u010dkog&nbsp;dru\u0161tva&nbsp;\u201cLO\u0160INJ&nbsp;USLUGE&nbsp;d.o.o.\u201c,dana 12.09.2017.g., objavljuje Javni poziv za prodaju teretnog vozila Piaggio Porter Tipper 1.3 &nbsp;u&nbsp;vlasni\u0161tvu&nbsp;trgova\u010dkog&nbsp;dru\u0161tva&nbsp;\u201cLo\u0161inj&nbsp;usluge&nbsp;d.o.o.\u201c , na oglasnoj plo\u010di ureda Dru\u0161tva i na web stranicama,kako slijedi:<\/p>\n\n\n\n<p>1.<a href=\"http:\/\/losinj-usluge.hr\/?attachment_id=1119\">Javni poziv &#8211; teretno vozilo Piaggio Porter<\/a><\/p>\n\n\n\n<p>2.<a href=\"http:\/\/losinj-usluge.hr\/?attachment_id=1120\">Ponuda &#8211; teretno vozilo Piaggio Porter<\/a><\/p>\n\n\n\n<p><\/p>\n\n\n\n<p> _____________________________________________________<\/p>\n\n\n\n<p><strong>12-<\/strong> <strong>J A V N I \u00a0 P O Z I V \u00a0 &#8211; \u00a0ZA ZAKUP<\/strong><\/p>\n\n\n\n<p>U skladu sa \u010dl. 34. Odluke o organizaciji prometa (SLN PG\u017d 26\/09, 32\/09, 38\/10 , 10\/11,8\/13 i 18\/13) &nbsp;Lo\u0161inj usluge d.o.o. objavljuje:&nbsp;<strong>za davanje u zakup ukupno 8 ure\u0111enih rezerviranih parkirali\u0161nih mjesta u M. Lo\u0161inju u ulici B.Milanovi\u0107a&nbsp;<\/strong><\/p>\n\n\n\n<p><a href=\"http:\/\/losinj-usluge.hr\/?attachment_id=1083\">Javni poziv B.Milanovi\u0107a&nbsp;&nbsp;<\/a><\/p>\n\n\n\n<p><a href=\"http:\/\/losinj-usluge.hr\/?attachment_id=1097\">Natje\u010daj B.Milanovi\u0107a<\/a><\/p>\n\n\n\n<h5 class=\"wp-block-heading\"><em><strong>OSTALO :<br><\/strong><\/em><a href=\"http:\/\/losinj-usluge.hr\/wp-content\/uploads\/2014\/12\/Pravilnik-o-nabavi-robaradova-i-usluga-2013.pdf\">Pravilnik o nabavi roba,radova i usluga 2013 <\/a><br><a href=\"http:\/\/losinj-usluge.hr\/wp-content\/uploads\/2014\/07\/POZIV-NA-DOSTAVU-PONUDE.doc\">POZIV NA DOSTAVU PONUDE<\/a>,<br><a href=\"http:\/\/losinj-usluge.hr\/wp-content\/uploads\/2014\/07\/PONUDBENI-LIST.doc\">PONUDBENI LIST<\/a><br><a href=\"http:\/\/losinj-usluge.hr\/wp-content\/uploads\/2014\/07\/Registar-ugovora-o-javnoj-i-bagatelnoj-nabavi-2013-i-2014-godini..pdf\">Registar ugovora o javnoj i bagatelnoj nabavi 2013 i 2014 godini.<\/a><\/h5>\n\n\n\n<h4 class=\"wp-block-heading\"><a href=\"http:\/\/losinj-usluge.hr\/?attachment_id=947\">ARHIVA NATJE\u010cAJA<\/a><\/h4>\n\n\n\n<h6 class=\"wp-block-heading\">a)<a href=\"http:\/\/losinj-usluge.hr\/?attachment_id=952\">DOKUMENTACIJA ZA NADMETANJE<\/a><br>b)<a href=\"http:\/\/losinj-usluge.hr\/?attachment_id=954\">POZIV-NA-DOSTAVU-PONUDE-NOVA-OBALA<\/a><br>c)<a href=\"http:\/\/losinj-usluge.hr\/?attachment_id=956\">Odluka-o-odabiru-Nova-Obala-Faza-I<\/a><br>d)<a href=\"http:\/\/losinj-usluge.hr\/?attachment_id=958\">JAVNI-POZIV<\/a><br>e)<a href=\"http:\/\/losinj-usluge.hr\/?attachment_id=959\">UVJETI-UZ-POZIV<\/a><br>f)<a href=\"http:\/\/losinj-usluge.hr\/?attachment_id=957\">Ponuda-OBRAZAC<\/a><\/h6>\n","protected":false},"excerpt":{"rendered":"<p>7 &#8211; J A V N I&nbsp; P O Z I V&nbsp; ZA DOSTAVU PONUDE Naru\u010ditelj Lo\u0161inj usluge d.o.o. pokrenuo je natje\u010daj:&nbsp;usluge prijevoza kombijem na relaciji Mali Lo\u0161inj- Mrtva\u0161ka za 2021.g.&nbsp; Sukladno \u010dlanku 18. stavku 3. Zakona o javnoj nabavi (NN 90\/11,83\/13 i 143\/13, 120\/16,114\/22) za nabavu roba i usluga procijenjene vrijednosti do 200.000 kn\u2026 <span class=\"read-more\"><a href=\"https:\/\/losinj-usluge.hr\/?page_id=1746\">Read More &raquo;<\/a><\/span><\/p>\n","protected":false},"author":1,"featured_media":0,"parent":0,"menu_order":0,"comment_status":"closed","ping_status":"closed","template":"","meta":{"footnotes":""},"class_list":["post-1746","page","type-page","status-publish","hentry"],"_links":{"self":[{"href":"https:\/\/losinj-usluge.hr\/index.php?rest_route=\/wp\/v2\/pages\/1746","targetHints":{"allow":["GET"]}}],"collection":[{"href":"https:\/\/losinj-usluge.hr\/index.php?rest_route=\/wp\/v2\/pages"}],"about":[{"href":"https:\/\/losinj-usluge.hr\/index.php?rest_route=\/wp\/v2\/types\/page"}],"author":[{"embeddable":true,"href":"https:\/\/losinj-usluge.hr\/index.php?rest_route=\/wp\/v2\/users\/1"}],"replies":[{"embeddable":true,"href":"https:\/\/losinj-usluge.hr\/index.php?rest_route=%2Fwp%2Fv2%2Fcomments&post=1746"}],"version-history":[{"count":8,"href":"https:\/\/losinj-usluge.hr\/index.php?rest_route=\/wp\/v2\/pages\/1746\/revisions"}],"predecessor-version":[{"id":2871,"href":"https:\/\/losinj-usluge.hr\/index.php?rest_route=\/wp\/v2\/pages\/1746\/revisions\/2871"}],"wp:attachment":[{"href":"https:\/\/losinj-usluge.hr\/index.php?rest_route=%2Fwp%2Fv2%2Fmedia&parent=1746"}],"curies":[{"name":"wp","href":"https:\/\/api.w.org\/{rel}","templated":true}]}}