{"id":2,"date":"2024-12-27T12:44:29","date_gmt":"2024-12-27T11:44:29","guid":{"rendered":"http:\/\/losinj-usluge.hr\/?page_id=2"},"modified":"2026-03-30T13:44:54","modified_gmt":"2026-03-30T12:44:54","slug":"sample-page","status":"publish","type":"page","link":"https:\/\/losinj-usluge.hr\/?page_id=2","title":{"rendered":"O NAMA"},"content":{"rendered":"<p>-POSLOVNA ISKAZNICA DRU\u0160TVA<\/p>\n<p>Lo\u0161inj usluge d.o.o.<br \/>\nDra\u017eica 17\/A<br \/>\n51550, Mali Lo\u0161inj<br \/>\nOIB: 56737455614<br \/>\nMBS: 02029979<\/p>\n<p>IBAN : HR7923400091110212404<br \/>\n<strong>BIC (SWIFT): PBZG HR2X<\/strong><\/p>\n<p><strong>BIC<\/strong> \u2013 Bank Identifier Code ili SWIFT adresa je jedinstvena internacionalna oznaka\/adresa banke.<br \/>\n<strong>BIC (SWIFT adresa)<\/strong> Privredne banke Zagreb d.d. je \u00a0<strong>PBZGHR2X<\/strong> &#8211; za devizne naplate iz inozemstva- <span id=\"result_box\" class=\"short_text\" lang=\"en\">for <span class=\"\">foreign<\/span> <span class=\"\">payments<\/span><\/span><\/p>\n<p>Molimo da\u00a0 prilikom pla\u0107anja dnevne parkirne karte u opisu pla\u0107anja navedete registarsku oznaku vozila ili broj dnevne parkirne karte.<\/p>\n<p>Please enter vehicle registration number and parking ticket number. (e.g. registration number AB-5555-CD; parking ticket number DPK 41888).<\/p>\n<hr \/>\n<h3>DJELATNOSTI DRU\u0160TVA<\/h3>\n<p>Dru\u0161tvo Lo\u0161inj usluge d.o.o. iz Malog Lo\u0161inja je dru\u0161tvo ograni\u010dene odgovornosti za promet u vlasni\u0161tvu Grada Malog Lo\u0161inja \u010dija je temeljna djelatnost naplata parkirali\u0161nih povr\u0161ina na podru\u010dju Grada Malog Lo\u0161inja. Dru\u0161tvo prosje\u010dno zapo\u0161ljava 20 radnika tokom cijele godine dok se tijekom ljetnih mjeseci taj broj udvostru\u010di.<\/p>\n<p>Uz navedeno, jo\u0161 neke djelatnosti dru\u0161tva su:<br \/>\n&#8211; upravljanje i odr\u017eavanje sportskih objekata<br \/>\n&#8211; odr\u017eavanje javnih povr\u0161ina<br \/>\n&#8211; uklanjanje olupina s javnih povr\u0161ina<br \/>\n&#8211; odr\u017eavanje zelenih povr\u0161ina i hortikulturalnog ure\u0111enja<br \/>\n&#8211; odr\u017eavanje sajmova, kongresa i izlo\u017ebi<br \/>\n&#8211; pomorski i obalni prijevoz<br \/>\n&#8211; prijevoz putnika u javnom prijevozu<\/p>\n<hr \/>\n<h3>ORGANI DRU\u0160TVA<\/h3>\n<p>Skup\u0161tina Dru\u0161tva\u00a0&#8211; \u00a0<a href=\"http:\/\/losinj-usluge.hr\/wp-content\/uploads\/2014\/05\/Skup\u0161tina-dru\u0161tva-osniva\u010dki-akt.pdf\">Skup\u0161tina dru\u0161tva &#8211; osniva\u010dki akt<\/a>\u00a0\u00a0\u00a0<a href=\"http:\/\/losinj-usluge.hr\/wp-content\/uploads\/2015\/03\/Izjava-dru\u0161tva-23.10.2014.pdf\">Izjava dru\u0161tva 23.10.2014<\/a><\/p>\n<p>Uprava dru\u0161tva bira Skup\u0161tina Dru\u0161tva \u00a0&#8211; \u00a0\u010clanovi uprave od osnutka do danas:<br \/>\n&#8211; 2006. &#8211; direktor \u00a0 \u00a0 \u00a0Dru\u0161tva Vojmir Viskov<br \/>\n&#8211; 2006. &#8211; direktorom Dru\u0161tva postaje Nela Miculini\u0107 Glavan<br \/>\n&#8211; 2007. &#8211; direktorom Dru\u0161tva postaje Mario Sko\u010dibu\u0161i\u0107<br \/>\n&#8211; 2008. &#8211; direktorom Dru\u0161tva postaje Daniel Kljai\u0107, stru\u010d. spec. ing. traff.<\/p>\n<ol>\n<li style=\"list-style-type: none;\">\n<ol>\n<li style=\"list-style-type: none;\">\n<ol>\n<li><a href=\"http:\/\/losinj-usluge.hr\/wp-content\/uploads\/2016\/01\/zapisnik-sa-16-sjednice-Skup\u0161tine-Dru\u0161tva.pdf\">-Zapisnik sa 16 sjednice Skup\u0161tine Dru\u0161tva<\/a><\/li>\n<li><a href=\"http:\/\/losinj-usluge.hr\/wp-content\/uploads\/2016\/01\/zapisnik-sa-17-sjednice-skup\u0161tine-dru\u0161tva.pdf\">-Zapisnik sa 17 sjednice Skup\u0161tine Dru\u0161tva<\/a><\/li>\n<li>&#8211;<a href=\"http:\/\/losinj-usluge.hr\/wp-content\/uploads\/2017\/01\/Zapisnik-sa-18-sjednice-Skup\u0161tine-dru\u0161tva.pdf\">Zapisnik sa 18 sjednice Skup\u0161tine dru\u0161tva<\/a><\/li>\n<li>&#8211;<a href=\"http:\/\/losinj-usluge.hr\/wp-content\/uploads\/2017\/01\/Zapisnik-sa-19-sjednice-Skup\u0161tine-dru\u0161tva.pdf\">Zapisnik sa 19 sjednice Skup\u0161tine dru\u0161tva<\/a><\/li>\n<li><a href=\"http:\/\/losinj-usluge.hr\/wp-admin\/post.php?post=1382&amp;action=edit\" aria-label=\"\u201cZapisnik sa 20 sjednice Skup\u0161tine dru\u0161tva\u201d (Edit)\">&#8211;<\/a><a href=\"http:\/\/losinj-usluge.hr\/wp-content\/uploads\/2019\/03\/Zapisnik-sa-20-sjednice-Skup\u0161tine-dru\u0161tva.pdf\" aria-label=\"\u201cZapisnik sa 20 sjednice Skup\u0161tine dru\u0161tva\u201d (Edit)\">Zapisnik sa 20 sjednice Skup\u0161tine dru\u0161tva<\/a><\/li>\n<li><a href=\"http:\/\/losinj-usluge.hr\/wp-admin\/post.php?post=1383&amp;action=edit\" aria-label=\"\u201cZapisnik sa 21 sjednice Skup\u0161tine dru\u0161tva\u201d (Edit)\">&#8211;<\/a><a href=\"http:\/\/losinj-usluge.hr\/wp-admin\/post.php?post=1383&amp;action=edit\" aria-label=\"\u201cZapisnik sa 21 sjednice Skup\u0161tine dru\u0161tva\u201d (Edit)\">Zapisnik<\/a><a href=\"http:\/\/losinj-usluge.hr\/wp-content\/uploads\/2019\/03\/Zapisnik-sa-21-sjednice-Skup\u0161tine-dru\u0161tva.pdf\" aria-label=\"\u201cZapisnik sa 21 sjednice Skup\u0161tine dru\u0161tva\u201d (Edit)\"> sa 21 sjednice Skup\u0161tine dru\u0161tva<\/a><\/li>\n<li><a href=\"http:\/\/losinj-usluge.hr\/wp-content\/uploads\/2019\/03\/Zapisnik-sa-22-sjednice-Skup\u0161tine-dru\u0161tva.pdf\" aria-label=\"\u201cZapisnik sa 22 sjednice Skup\u0161tine dru\u0161tva\u201d (Edit)\">-Zapisnik sa 22 sjednice Skup\u0161tine dru\u0161tva<\/a><\/li>\n<li>&#8211;<a href=\"http:\/\/losinj-usluge.hr\/wp-content\/uploads\/2019\/03\/Zapisnik-sa-23-sjednice-Skup\u0161tine-dru\u0161tva.pdf\" aria-label=\"\u201cZapisnik sa 23 sjednice Skup\u0161tine dru\u0161tva\u201d (Edit)\">Zapisnik sa 23 sjednice Skup\u0161tine dru\u0161tva<\/a><\/li>\n<li><a href=\"http:\/\/losinj-usluge.hr\/wp-content\/uploads\/2019\/03\/Zapisnik-sa-24-sjednice-Skup\u0161tine-dru\u0161tva.pdf\" aria-label=\"\u201cZapisnik sa 24 sjednice Skup\u0161tine dru\u0161tva\u201d (Edit)\">-Zapisnik sa 24 sjednice Skup\u0161tine dru\u0161tva<\/a><\/li>\n<li><a href=\"http:\/\/losinj-usluge.hr\/wp-content\/uploads\/2020\/12\/Zapisnik-sa-25.sjednice-Skup\u0161tine-Dru\u0161tva.pdf\">-Zapisnik sa 25.sjednice Skup\u0161tine Dru\u0161tva<\/a><\/li>\n<li><a href=\"http:\/\/losinj-usluge.hr\/wp-content\/uploads\/2020\/12\/Zapisnik-sa-26.sjednice-Skup\u0161tine-Dru\u0161tva.pdf\">-Zapisnik sa 26.sjednice Skup\u0161tine Dru\u0161tva\u00a0 2020<\/a><\/li>\n<li><a href=\"http:\/\/losinj-usluge.hr\/wp-content\/uploads\/2022\/02\/Zapisnik-sa-27.-sjednice-Skupstine-Drustva-2020.pdf\">-Zapisnik sa 27. sjednice Skupstine Dru\u0161tva 2020<\/a><\/li>\n<li><a href=\"http:\/\/losinj-usluge.hr\/wp-content\/uploads\/2022\/02\/Zapisnik-sa-28.-sjednice-Skupstine-Drustva-2021.pdf\">-Zapisnik sa 28. sjednice Skupstine Dru\u0161tva 2021<\/a><\/li>\n<li><a href=\"http:\/\/losinj-usluge.hr\/wp-content\/uploads\/2022\/02\/Zapisnik-sa-29.-sjednice-Skupstine-Drustva-2021.pdf\">-Zapisnik sa 29. sjednice Skupstine Dru\u0161tva 2021<\/a><\/li>\n<li><a href=\"https:\/\/losinj-usluge.hr\/wp-content\/uploads\/2022\/12\/Zapisnik-sa-30.-sjednice-Skupstine-Drustva-2022.pdf\">-Zapisnik sa 30. sjednice Skupstine Dru\u0161tva 2022<\/a><\/li>\n<li><a href=\"https:\/\/losinj-usluge.hr\/wp-content\/uploads\/2022\/12\/Zapisnik-sa-31.-sjednice-Skupstine-Drustva-2022.pdf\">-Zapisnik sa 31. sjednice Skupstine Dru\u0161tva 2022<\/a><\/li>\n<li><a href=\"https:\/\/losinj-usluge.hr\/wp-content\/uploads\/2022\/12\/Zapisnik-sa-32.-sjednice-Skupstine-Drustva-2022.pdf\">-Zapisnik sa 32. sjednice Skupstine Dru\u0161tva 2022<\/a><\/li>\n<li><a href=\"https:\/\/losinj-usluge.hr\/?attachment_id=2767\">-Zapisnik sa 33. sjednice Skupstine Dru\u0161tva 2023<\/a><\/li>\n<li><a href=\"https:\/\/losinj-usluge.hr\/?attachment_id=2768\">-Zapisnik sa 34. sjednice Skupstine Dru\u0161tva\u00a02023<\/a><\/li>\n<li><a href=\"https:\/\/losinj-usluge.hr\/?attachment_id=3351\">-Zapisnik sa 35. sjednice Skupstine Dru\u0161tva 2023<\/a><\/li>\n<li><a href=\"https:\/\/losinj-usluge.hr\/?attachment_id=3352\">-Zapisnik sa 36. sjednice Skupstine Dru\u0161tva 2023<\/a><\/li>\n<li><a href=\"https:\/\/losinj-usluge.hr\/?attachment_id=3353\">-Zapisnik sa 37. sjednice Skupstine Dru\u0161tva 2024<\/a><\/li>\n<li><a href=\"https:\/\/losinj-usluge.hr\/?attachment_id=3354\">-Zapisnik sa 38. sjednice Skupstine Dru\u0161tva 2024<\/a><\/li>\n<li><a href=\"https:\/\/losinj-usluge.hr\/?attachment_id=3642\">-Zapisnik sa 39 sjednice Skup\u0161tine Dru\u0161tva 2024<\/a><\/li>\n<li><a href=\"https:\/\/losinj-usluge.hr\/?attachment_id=3530\">-Zapisnik sa 40 sjednice Skup\u0161tine Dru\u0161tva 2025<\/a><\/li>\n<li>&#8211;<a href=\"https:\/\/losinj-usluge.hr\/?attachment_id=3581\">Zapisnik sa 41 sjednice Skup\u0161tine Dru\u0161tva 2025<\/a><\/li>\n<li><a href=\"https:\/\/losinj-usluge.hr\/?attachment_id=3580\">-Zapisnik sa 42 sjednice Skup\u0161tine Dru\u0161tva 2025<\/a><\/li>\n<li><a href=\"https:\/\/losinj-usluge.hr\/?attachment_id=3579\">-Zapisnik sa 43 sjednice Skup\u0161tine Dru\u0161tva 2025<\/a><\/li>\n<\/ol>\n<\/li>\n<\/ol>\n<\/li>\n<\/ol>\n<p>&#8211; ARHIVA ZAPISNIKA SA SKUP\u0160TINA DRU\u0160TVA (do 2024 )<\/p>\n<hr \/>\n<h3>MISIJA I VIZIJA DRU\u0160TVA<\/h3>\n<p>Vizija Dru\u0161tva je stvoriti ure\u0111eni sustav prometa u mirovanju na podru\u010dju Grada Malog Lo\u0161inja kako bi se smanjile prometne gu\u017eve i problem parkiranja. Pogotovo tokom ljetnih mjeseci. Biti primjer na\u010dina rje\u0161avanja prometa u mirovanju u manjim turisti\u010dkim mjestima na otocima i priobalju.<\/p>\n<p>Misija Dru\u0161tva je brinuti o gradskim parkirali\u0161tima i prometnicama koje spadaju pod nadle\u017enost lokalne samouprave. Vr\u0161iti naplatu parkirali\u0161ta brinu\u0107i o komercijalnoj isplativosti s jedne strane i problemima lokalnog stanovni\u0161tva s druge strane. Unaprije\u0111ivati tehnologiju i znanja u cilju pobolj\u0161anja poslovnih procesa. Konstantno unaprije\u0111ivati infrastrukturu i implementirati nove tehnologije s ciljem pobolj\u0161anja poslovnih procesa.<\/p>\n<hr \/>\n<p>Nadzorni odbor Dru\u0161tva \u010dine tri \u010dlana<\/p>\n<p>\u010clanovi Nadzornog odbora u razdoblju od 2014 do 2019 godine<\/p>\n<p>1. \u00a0Robert Anti\u010devi\u0107 -predsjednik nadzornog odbora<br \/>\n2. \u00a0Ivan Vla\u0161i\u0107 &#8211; \u00a0\u010dlan\u00a0nadzornog odbora<br \/>\n3. \u00a0Tanja Jovi\u0107 &#8211; \u010dlan\u00a0nadzornog odbora<\/p>\n<p><a href=\"http:\/\/losinj-usluge.hr\/wp-content\/uploads\/2019\/03\/Zapisnik-sa-11.-sjednice-Nadzornog-odbora-Imenovanja-novih-\u010dlanova-N.O.-1.pdf\" aria-label=\"\u201cZapisnik sa 11. sjednice Nadzornog odbora \u2013 Imenovanja novih \u010dlanova N.O.\u201d (Edit)\">Zapisnik sa 11. sjednice Nadzornog odbora \u2013 Imenovanja novih \u010dlanova N.O.<\/a><\/p>\n<ul>\n<li>&#8211;\u00a0<a href=\"http:\/\/losinj-usluge.hr\/wp-content\/uploads\/2017\/01\/Zapisnik-sa-22.-sjednice-Nadzornog-odbora-2016.pdf\">Zapisnik sa 22. sjednice Nadzornog odbora (2016)<\/a><\/li>\n<li><a href=\"http:\/\/losinj-usluge.hr\/wp-content\/uploads\/2019\/03\/Zapisnik-sa-23.-sjednice-Nadzornog-odbora.pdf\" aria-label=\"\u201cZapisnik sa 23. sjednice Nadzornog odbora\u201d (Edit)\">&#8211; Zapisnik sa 23. sjednice Nadzornog odbora<\/a><\/li>\n<li><a href=\"http:\/\/losinj-usluge.hr\/wp-content\/uploads\/2019\/03\/Odluka-o-razrje\u0161enju-\u010dlana-Nadzornog-odbora-2018.pdf\" aria-label=\"\u201cOdluka o razrje\u0161enju \u010dlana Nadzornog odbora 2018\u201d (Edit)\">&#8211; Odluka o razrje\u0161enju \u010dlana Nadzornog odbora 2018<\/a><\/li>\n<li>&#8211;\u00a0<a href=\"http:\/\/losinj-usluge.hr\/wp-content\/uploads\/2019\/03\/Zapisnik-o-konstituiraju\u0107oj-sjednici-N.O.-2018.pdf\" aria-label=\"\u201cZapisnik o konstituiraju\u0107oj sjednici N.O. 2018\u201d (Edit)\">Zapisnik o konstituiraju\u0107oj sjednici N.O. 2018\u00a0<\/a><\/li>\n<\/ul>\n<p>Novi \u010dlanovi Nadzornog odbora &#8211; 2018<\/p>\n<p>1.\u00a0 Marina \u017duni\u0107 Grb\u010di\u0107 -predsjednik nadzornog odbora<br \/>\n2. \u00a0Ivan Vla\u0161i\u0107 &#8211; \u00a0\u010dlan\u00a0nadzornog odbora<br \/>\n3.\u00a0 Miroslav \u010covi\u0107 &#8211; \u010dlan\u00a0nadzornog odbora<\/p>\n<p>Novi \u010dlanovi Nadzornog odbora &#8211; 2022\u00a0 \u00a0<a href=\"http:\/\/losinj-usluge.hr\/?attachment_id=2146\">Rje\u0161enje sudskog registra o izmjenama 2022<\/a><\/p>\n<p>1.\u00a0 Anto Nedi\u0107 -predsjednik nadzornog odbora<br \/>\n2.\u00a0 Elvis \u017divkovi\u0107 &#8211; zamjenik predsjednika nadzornog odbora<br \/>\n3.\u00a0 Ivan Vla\u0161i\u0107 &#8211; \u00a0\u010dlan\u00a0nadzornog odbora<\/p>\n<h3>ORGANIZACIJSKA STRUKTURA DRU\u0160TVA<\/h3>\n<p><a href=\"http:\/\/losinj-usluge.hr\/wp-content\/uploads\/2015\/01\/Pravilnik-o-sistematizaciji-3013.pdf\">Pravilnik o sistematizaciji<\/a>,<\/p>\n<ol>\n<li>\u00a0<a href=\"http:\/\/losinj-usluge.hr\/wp-content\/uploads\/2016\/01\/Odluka-o-izmjeni-i-dopuni-Pravilnika-o-sistematizaciji-2015.pdf\">Odluka o izmjeni i dopuni Pravilnika o sistematizaciji 2015<\/a><\/li>\n<li><a href=\"http:\/\/losinj-usluge.hr\/wp-content\/uploads\/2020\/11\/Odluka-o-izmjeni-i-dopuni-Pravilnika-o-sistematizaciji-2015-II.pdf\" rel=\"attachment wp-att-1109\">Odluka o izmjeni i dopuni Pravilnika o sistematizaciji 2015 dopuna<\/a><\/li>\n<li><a href=\"http:\/\/losinj-usluge.hr\/wp-content\/uploads\/2019\/03\/Odluka-o-izmjeni-i-dopuni-Pravilnika-o-sistamatizaciji-radnih-mjesta-2018.pdf\" aria-label=\"\u201cOdluka o izmjeni i dopuni Pravilnika o sistamatizaciji radnih mjesta 2018\u201d (Edit)\">Odluka o izmjeni i dopuni Pravilnika o sistamatizaciji radnih mjesta 2018<\/a><\/li>\n<li><a href=\"http:\/\/losinj-usluge.hr\/wp-content\/uploads\/2022\/01\/Odluka-o-izmjeni-i-dopuni-Pravilnika-o-sistamatizaciji-radnih-mjesta-2021.pdf\">Odluka o izmjeni i dopuni Pravilnika o sistamatizaciji radnih mjesta 2021<\/a><\/li>\n<li><a href=\"https:\/\/losinj-usluge.hr\/wp-content\/uploads\/2022\/12\/Odluka-o-izmjeni-i-dopuni-Pravilnika-o-sistematizaciji-2022.pdf\">Odluka o izmjeni i dopuni Pravilnika o sistamatizaciji radnih mjesta 2022<\/a><\/li>\n<li><a href=\"https:\/\/losinj-usluge.hr\/wp-content\/uploads\/2025\/09\/Pravilnik-o-sistamatizaciji-radnih-mjesta-2024.pdf\">Pravilnik o sistamatizaciji radnih mjesta 2024<\/a><\/li>\n<li><a href=\"https:\/\/losinj-usluge.hr\/wp-content\/uploads\/2025\/09\/Pravilnik-o-sistamatizaciji-radnih-mjesta-2025.pdf\">Pravilnik o sistamatizaciji radnih mjesta 2025<\/a><\/li>\n<\/ol>\n<h3><a href=\"http:\/\/losinj-usluge.hr\/wp-content\/uploads\/2014\/05\/Nova-shema-bez-imena.png\"><img loading=\"lazy\" decoding=\"async\" class=\"aligncenter wp-image-750\" src=\"http:\/\/losinj-usluge.hr\/wp-content\/uploads\/2014\/05\/Nova-shema-bez-imena-1024x894.png\" alt=\"Organizacijska struktura zaposlenih\" width=\"752\" height=\"657\" srcset=\"https:\/\/losinj-usluge.hr\/wp-content\/uploads\/2014\/05\/Nova-shema-bez-imena-1024x894.png 1024w, https:\/\/losinj-usluge.hr\/wp-content\/uploads\/2014\/05\/Nova-shema-bez-imena-300x262.png 300w, https:\/\/losinj-usluge.hr\/wp-content\/uploads\/2014\/05\/Nova-shema-bez-imena-660x576.png 660w, https:\/\/losinj-usluge.hr\/wp-content\/uploads\/2014\/05\/Nova-shema-bez-imena.png 1792w\" sizes=\"auto, (max-width: 752px) 100vw, 752px\" \/><\/a><\/h3>\n<h3>POVIJEST DRU\u0160TVA<\/h3>\n<p>&#8211; 2006. &#8211; osnovano Dru\u0161tvo pod nazivom Lo\u0161inj parking d.o.o.<\/p>\n<p>&#8211; 2009. &#8211; promjena predmeta poslovanja Dru\u0161tva<\/p>\n<p>&#8211; 2011. &#8211; Dru\u0161tvo mijenja naziv u Lo\u0161inj usluge d.o.o.<\/p>\n<p>&#8211; 2022. &#8211; Dru\u0161tvo mijenja sjedi\u0161te firme &#8211; nova lokacija Dra\u017eica 17\/A<\/p>\n<hr \/>\n<h3><\/h3>\n","protected":false},"excerpt":{"rendered":"<p>-POSLOVNA ISKAZNICA DRU\u0160TVA Lo\u0161inj usluge d.o.o. Dra\u017eica 17\/A 51550, Mali Lo\u0161inj OIB: 56737455614 MBS: 02029979 IBAN : HR7923400091110212404 BIC (SWIFT): PBZG HR2X BIC \u2013 Bank Identifier Code ili SWIFT adresa je jedinstvena internacionalna oznaka\/adresa banke. BIC (SWIFT adresa) Privredne banke Zagreb d.d. je \u00a0PBZGHR2X &#8211; za devizne naplate iz inozemstva- for foreign payments Molimo da\u00a0\u2026 <span class=\"read-more\"><a href=\"https:\/\/losinj-usluge.hr\/?page_id=2\">Read More &raquo;<\/a><\/span><\/p>\n","protected":false},"author":1,"featured_media":0,"parent":0,"menu_order":0,"comment_status":"closed","ping_status":"closed","template":"","meta":{"footnotes":""},"class_list":["post-2","page","type-page","status-publish","hentry"],"_links":{"self":[{"href":"https:\/\/losinj-usluge.hr\/index.php?rest_route=\/wp\/v2\/pages\/2","targetHints":{"allow":["GET"]}}],"collection":[{"href":"https:\/\/losinj-usluge.hr\/index.php?rest_route=\/wp\/v2\/pages"}],"about":[{"href":"https:\/\/losinj-usluge.hr\/index.php?rest_route=\/wp\/v2\/types\/page"}],"author":[{"embeddable":true,"href":"https:\/\/losinj-usluge.hr\/index.php?rest_route=\/wp\/v2\/users\/1"}],"replies":[{"embeddable":true,"href":"https:\/\/losinj-usluge.hr\/index.php?rest_route=%2Fwp%2Fv2%2Fcomments&post=2"}],"version-history":[{"count":171,"href":"https:\/\/losinj-usluge.hr\/index.php?rest_route=\/wp\/v2\/pages\/2\/revisions"}],"predecessor-version":[{"id":3734,"href":"https:\/\/losinj-usluge.hr\/index.php?rest_route=\/wp\/v2\/pages\/2\/revisions\/3734"}],"wp:attachment":[{"href":"https:\/\/losinj-usluge.hr\/index.php?rest_route=%2Fwp%2Fv2%2Fmedia&parent=2"}],"curies":[{"name":"wp","href":"https:\/\/api.w.org\/{rel}","templated":true}]}}