{"id":215,"date":"2024-05-31T12:27:00","date_gmt":"2024-05-31T11:27:00","guid":{"rendered":"http:\/\/losinj-usluge.hr\/?page_id=215"},"modified":"2026-03-13T13:18:39","modified_gmt":"2026-03-13T12:18:39","slug":"rezervirana-parkiralisna-mjesta","status":"publish","type":"page","link":"https:\/\/losinj-usluge.hr\/?page_id=215","title":{"rendered":"Rezervirana parkirali\u0161na mjesta"},"content":{"rendered":"\n<p class=\"has-text-align-left\">Najam rezerviranih parkirali\u0161nih mjesta dostupan je uz potpisivanje jednogodi\u0161njeg ugovora uz mogu\u0107nost produljenja istog. Lokacija, broj, cijena i uvjeti najma rezerviranih parkirali\u0161nih mjesta prikazani su u tablici dolje. O dostupnosti rezerviranih parkirali\u0161nih mjesta za odre\u0111enu adresu molimo kontaktirajte ured Dru\u0161tva.<\/p>\n\n\n\n<p>Obrazac zahtjeva za rezervirano parkirno mjesto : <a href=\"https:\/\/losinj-usluge.hr\/wp-content\/uploads\/2023\/01\/ZAHTJEV-ZA-REZ.-PARK.-MJESTO-2022.doc\">ZAHTJEV ZA REZ. PARK. MJESTO<\/a><\/p>\n\n\n\n<p><a href=\"https:\/\/losinj-usluge.hr\/wp-content\/uploads\/2024\/06\/Cjenik-usluge-parkiranja-na-podrucju-Grada-Malog-Losinja-2024.pdf\">CJENIK USLUGA NAPLATE PARKIRALI\u0160NIH POVR\u0160INA 2024<\/a><\/p>\n\n\n<div class=\"wp-block-image\">\n<figure class=\"aligncenter\"><a href=\"http:\/\/losinj-usluge.hr\/wp-content\/uploads\/2014\/07\/DSCN0574.jpg\" rel=\"prettyPhoto-img\"><img loading=\"lazy\" decoding=\"async\" width=\"1024\" height=\"768\" src=\"http:\/\/losinj-usluge.hr\/wp-content\/uploads\/2014\/07\/DSCN0574.jpg\" alt=\"DSCN0574\" class=\"wp-image-298\" srcset=\"https:\/\/losinj-usluge.hr\/wp-content\/uploads\/2014\/07\/DSCN0574.jpg 1024w, https:\/\/losinj-usluge.hr\/wp-content\/uploads\/2014\/07\/DSCN0574-300x225.jpg 300w, https:\/\/losinj-usluge.hr\/wp-content\/uploads\/2014\/07\/DSCN0574-660x495.jpg 660w\" sizes=\"auto, (max-width: 1024px) 100vw, 1024px\" \/><\/a><\/figure>\n<\/div>\n\n\n<p class=\"has-text-align-left\"><\/p>\n\n\n\n<p class=\"has-text-align-left\"><\/p>\n\n\n\n<p class=\"has-text-align-left\"><\/p>\n\n\n\n<p class=\"has-text-align-left\"><\/p>\n","protected":false},"excerpt":{"rendered":"<p>Najam rezerviranih parkirali\u0161nih mjesta dostupan je uz potpisivanje jednogodi\u0161njeg ugovora uz mogu\u0107nost produljenja istog. Lokacija, broj, cijena i uvjeti najma rezerviranih parkirali\u0161nih mjesta prikazani su u tablici dolje. O dostupnosti rezerviranih parkirali\u0161nih mjesta za odre\u0111enu adresu molimo kontaktirajte ured Dru\u0161tva. Obrazac zahtjeva za rezervirano parkirno mjesto : ZAHTJEV ZA REZ. PARK. MJESTO CJENIK USLUGA NAPLATE\u2026 <span class=\"read-more\"><a href=\"https:\/\/losinj-usluge.hr\/?page_id=215\">Read More &raquo;<\/a><\/span><\/p>\n","protected":false},"author":1,"featured_media":1051,"parent":19,"menu_order":0,"comment_status":"closed","ping_status":"closed","template":"","meta":{"footnotes":""},"class_list":["post-215","page","type-page","status-publish","has-post-thumbnail","hentry"],"_links":{"self":[{"href":"https:\/\/losinj-usluge.hr\/index.php?rest_route=\/wp\/v2\/pages\/215","targetHints":{"allow":["GET"]}}],"collection":[{"href":"https:\/\/losinj-usluge.hr\/index.php?rest_route=\/wp\/v2\/pages"}],"about":[{"href":"https:\/\/losinj-usluge.hr\/index.php?rest_route=\/wp\/v2\/types\/page"}],"author":[{"embeddable":true,"href":"https:\/\/losinj-usluge.hr\/index.php?rest_route=\/wp\/v2\/users\/1"}],"replies":[{"embeddable":true,"href":"https:\/\/losinj-usluge.hr\/index.php?rest_route=%2Fwp%2Fv2%2Fcomments&post=215"}],"version-history":[{"count":22,"href":"https:\/\/losinj-usluge.hr\/index.php?rest_route=\/wp\/v2\/pages\/215\/revisions"}],"predecessor-version":[{"id":3713,"href":"https:\/\/losinj-usluge.hr\/index.php?rest_route=\/wp\/v2\/pages\/215\/revisions\/3713"}],"up":[{"embeddable":true,"href":"https:\/\/losinj-usluge.hr\/index.php?rest_route=\/wp\/v2\/pages\/19"}],"wp:featuredmedia":[{"embeddable":true,"href":"https:\/\/losinj-usluge.hr\/index.php?rest_route=\/wp\/v2\/media\/1051"}],"wp:attachment":[{"href":"https:\/\/losinj-usluge.hr\/index.php?rest_route=%2Fwp%2Fv2%2Fmedia&parent=215"}],"curies":[{"name":"wp","href":"https:\/\/api.w.org\/{rel}","templated":true}]}}