{"id":328,"date":"2024-01-04T09:18:49","date_gmt":"2024-01-04T08:18:49","guid":{"rendered":"http:\/\/losinj-usluge.hr\/?page_id=328"},"modified":"2026-03-27T08:40:20","modified_gmt":"2026-03-27T07:40:20","slug":"donacije","status":"publish","type":"page","link":"https:\/\/losinj-usluge.hr\/?page_id=328","title":{"rendered":"DONACIJE I SPONZORSTVA"},"content":{"rendered":"<h3 class=\"csc-firstHeader\" style=\"text-align: justify;\">\u00a0\u00a0 1. PRAVILNIK O DONACIJAMA I SPONZORSTVIMA<\/h3>\n<p>Temljem \u010dl. 18. Izjave o osnivanju Dru\u0161tva Lo\u0161inj usluge d.o.o., direktor Lo\u0161inj usluga d.o.o., Daniel Kljai\u0107,stru\u010d.spec.ing.traff. dana 02.01.2014. godine donosi ovaj pravilnik:<\/p>\n<p><a href=\"http:\/\/losinj-usluge.hr\/wp-content\/uploads\/2014\/11\/Pravilnik-o-donacijama-i-sponzorstvima.pdf\">Pravilnik o donacijama i sponzorstvima<\/a><\/p>\n<p>Samostalni sektor za suzbijanje korupcije u sklopu Ministarstva pravosu\u0111a proveo je istra\u017eivanje o transparentnosti rada trgova\u010dkih dru\u0161tava kojima su osniva\u010di, dioni\u010dari ili imatelji udjela jedinice lokalne samouprave, objavljeno 17.rujna 2013. godine na internetskoj stranici <a href=\"http:\/\/www.antikorupcija.hr\/\" target=\"_blank\" rel=\"noopener noreferrer\">www.antikorupcija.hr<\/a>\u00a0\u00a0 , na temelju kojeg je donijelo preporuku da sva trgova\u010dka dru\u0161tva koja daju donacije i sponzorstva to objavljuju na svojim internetskim stranicama na transparentan na\u010din.<\/p>\n<h3>2. MINISTARSTVO PRAVOSU\u0110A<\/h3>\n<h4><a href=\"http:\/\/losinj-usluge.hr\/wp-content\/uploads\/2014\/11\/Dopis-Objava-podataka-o-sponzorstvima-i-donacijama.pdf\">Dopis &#8211; Objava podataka o sponzorstvima i donacijama<\/a><\/h4>\n<hr \/>\n<h3>\u00a03. PODACI O SPONZORSTVIMA I DONACIJAMA<\/h3>\n<hr \/>\n<h4>2025.<\/h4>\n<p><a href=\"https:\/\/losinj-usluge.hr\/?attachment_id=3722\">DONACIJE 2025<\/a><\/p>\n<ol>\n<li><a href=\"https:\/\/losinj-usluge.hr\/wp-content\/uploads\/2025\/08\/Odluka-o-donaciji-01-2025.pdf\">Odluka o donaciji 01-2025<\/a><\/li>\n<li><a href=\"https:\/\/losinj-usluge.hr\/?attachment_id=3542\">Odluka o donaciji 02-2025<\/a><\/li>\n<li><a href=\"https:\/\/losinj-usluge.hr\/?attachment_id=3543\">Odluka o donaciji 03-2025<\/a><\/li>\n<li><a href=\"https:\/\/losinj-usluge.hr\/?attachment_id=3574\">Odluka o donaciji 04-2025<\/a><\/li>\n<\/ol>\n<h4>2024.<\/h4>\n<p><a href=\"https:\/\/losinj-usluge.hr\/?attachment_id=3724\">DONACIJE 2024<\/a><\/p>\n<ol>\n<li><a href=\"https:\/\/losinj-usluge.hr\/?attachment_id=2972\">Odluka o donaciji 01-2024<\/a><\/li>\n<li><a href=\"https:\/\/losinj-usluge.hr\/?attachment_id=3164\">Odluka o donaciji 02-2024<\/a><\/li>\n<li><a href=\"https:\/\/losinj-usluge.hr\/?attachment_id=3227\">Odluka o donaciji 03-2024<\/a><\/li>\n<li><a href=\"https:\/\/losinj-usluge.hr\/?attachment_id=3236\">Odluka o donaciji 04-2024<\/a><\/li>\n<li><a href=\"https:\/\/losinj-usluge.hr\/?attachment_id=3237\">Odluka o donaciji 05-2024<\/a><\/li>\n<li><a href=\"https:\/\/losinj-usluge.hr\/?attachment_id=3310\">Odluka o donaciji 06-2024<\/a><\/li>\n<li><a href=\"https:\/\/losinj-usluge.hr\/?attachment_id=3334\">Odluka o donaciji 07-2024<\/a><\/li>\n<li><a href=\"https:\/\/losinj-usluge.hr\/?attachment_id=3345\">Odluka o donaciji 08-2024<\/a><\/li>\n<li><a href=\"https:\/\/losinj-usluge.hr\/?attachment_id=3346\">Odluka o donaciji 09-2024<\/a><\/li>\n<li><a href=\"https:\/\/losinj-usluge.hr\/?attachment_id=3341\">Odluka o donaciji 10-2024<\/a><\/li>\n<\/ol>\n<p><a href=\"http:\/\/losinj-usluge.hr\/?page_id=1193\"><em>ARHIVA DONACIJA<\/em><\/a><\/p>\n<h5><\/h5>\n","protected":false},"excerpt":{"rendered":"<p>\u00a0\u00a0 1. PRAVILNIK O DONACIJAMA I SPONZORSTVIMA Temljem \u010dl. 18. Izjave o osnivanju Dru\u0161tva Lo\u0161inj usluge d.o.o., direktor Lo\u0161inj usluga d.o.o., Daniel Kljai\u0107,stru\u010d.spec.ing.traff. dana 02.01.2014. godine donosi ovaj pravilnik: Pravilnik o donacijama i sponzorstvima Samostalni sektor za suzbijanje korupcije u sklopu Ministarstva pravosu\u0111a proveo je istra\u017eivanje o transparentnosti rada trgova\u010dkih dru\u0161tava kojima su osniva\u010di, dioni\u010dari\u2026 <span class=\"read-more\"><a href=\"https:\/\/losinj-usluge.hr\/?page_id=328\">Read More &raquo;<\/a><\/span><\/p>\n","protected":false},"author":1,"featured_media":0,"parent":0,"menu_order":0,"comment_status":"closed","ping_status":"closed","template":"","meta":{"footnotes":""},"class_list":["post-328","page","type-page","status-publish","hentry"],"_links":{"self":[{"href":"https:\/\/losinj-usluge.hr\/index.php?rest_route=\/wp\/v2\/pages\/328","targetHints":{"allow":["GET"]}}],"collection":[{"href":"https:\/\/losinj-usluge.hr\/index.php?rest_route=\/wp\/v2\/pages"}],"about":[{"href":"https:\/\/losinj-usluge.hr\/index.php?rest_route=\/wp\/v2\/types\/page"}],"author":[{"embeddable":true,"href":"https:\/\/losinj-usluge.hr\/index.php?rest_route=\/wp\/v2\/users\/1"}],"replies":[{"embeddable":true,"href":"https:\/\/losinj-usluge.hr\/index.php?rest_route=%2Fwp%2Fv2%2Fcomments&post=328"}],"version-history":[{"count":178,"href":"https:\/\/losinj-usluge.hr\/index.php?rest_route=\/wp\/v2\/pages\/328\/revisions"}],"predecessor-version":[{"id":3725,"href":"https:\/\/losinj-usluge.hr\/index.php?rest_route=\/wp\/v2\/pages\/328\/revisions\/3725"}],"wp:attachment":[{"href":"https:\/\/losinj-usluge.hr\/index.php?rest_route=%2Fwp%2Fv2%2Fmedia&parent=328"}],"curies":[{"name":"wp","href":"https:\/\/api.w.org\/{rel}","templated":true}]}}