{"id":3680,"date":"2026-03-03T14:40:29","date_gmt":"2026-03-03T13:40:29","guid":{"rendered":"https:\/\/losinj-usluge.hr\/?page_id=3680"},"modified":"2026-03-03T14:40:29","modified_gmt":"2026-03-03T13:40:29","slug":"upotreba-kolacica","status":"publish","type":"page","link":"https:\/\/losinj-usluge.hr\/?page_id=3680","title":{"rendered":"UPOTREBA KOLA\u010cI\u0106A"},"content":{"rendered":"\n<p><strong>Kori\u0161tenje kola\u010di\u0107a (cookies)<\/strong><strong><\/strong><\/p>\n\n\n\n<p><br>Da bi kola\u010di\u0107e mogli koristiti sukladno UREDBI (EU) 2016\/679 EUROPSKOG PARLAMENTA I VIJE\u0106A o za\u0161titi pojedinaca u vezi s obradom osobnih podataka i o slobodnom kretanju takvih podataka (Op\u0107oj uredbi o za\u0161titi podataka), Zakonu o provedbi Op\u0107e uredbe, Zakonu o elektroni\u010dkim komunikacijama, treba nam va\u0161a privola.<br><br><strong>\u0160to su kola\u010di\u0107i i za \u0161to ih koristimo?<\/strong><br>Kola\u010di\u0107i (cookies) su male datoteke koje Va\u0161 preglednik sprema na Va\u0161e ra\u010dunalo ili mobilni ure\u0111aj prilikom posjete na\u0161em Internet mjestu (www.losinjusluge.hr). To omogu\u0107uje Internet mjestu da prepozna Va\u0161e ra\u010dunalo kada nas sljede\u0107i put posjetite, kako bi vam sukladno tome ponudili personalizirano iskustvo prilikom kretanja kroz njega. Kola\u010di\u0107i na na\u0161e Internet mjestu nisu usmjereni na \u0161pijuniranje korisnika i ne slijede sve \u0161to korisnik radi te nisu zlonamjerni kod ili virus. Tako\u0111er nisu povezani s ne\u017eeljenim porukama (spamom), ne spremaju korisni\u010dko ime i lozinku i nisu namijenjeni isklju\u010divo za reklame ili ogla\u0161avanje. Informacije poput Va\u0161eg imena ili adrese elektroni\u010dke po\u0161te ne\u0107e biti spremljene &#8211; Internet mjesto&nbsp; ne mo\u017ee pristupiti Va\u0161im osobnim informacijama i datotekama na Va\u0161em ra\u010dunalu. Treba napomenuti da na\u0161e Internet mjesto funkcionira optimalno samo ako je omogu\u0107eno kori\u0161tenje kola\u010di\u0107a.<br><br><strong>VRSTE KOLA\u010cI\u0106A<\/strong><br><br>Kola\u010di\u0107i prema trajanju<br>&nbsp;<\/p>\n\n\n\n<ul class=\"wp-block-list\">\n<li>Stalni kola\u010di\u0107i<\/li>\n<\/ul>\n\n\n\n<p>Stalni ili spremljeni kola\u010di\u0107i ostaju na ra\u010dunalu nakon zatvaranja programa internet preglednika. Pomo\u0107u njih Internet mjesta pohranjuju podatke, kao \u0161to su ime za prijavu i lozinka, postavke jezika ili postavke o kola\u010di\u0107ima tako da ih ne morate ponovno unositi prilikom svakog idu\u0107eg posjeta. Stalni kola\u010di\u0107i mogu ostati na ra\u010dunalu ili mobilnom ure\u0111aju danima, mjesecima, \u010dak i godinama.<br>&nbsp;<\/p>\n\n\n\n<ul class=\"wp-block-list\">\n<li>Privremeni kola\u010di\u0107i<\/li>\n<\/ul>\n\n\n\n<p>Privremeni kola\u010di\u0107i ili kola\u010di\u0107i sesije uklanjaju se s ra\u010dunala po zatvaranju internet preglednika. Pomo\u0107u njih Internet mjesta pohranjuju privremene podatke, poput npr. posljednjih nekoliko stranica koje ste otvorili na Internet mjestu koje posje\u0107ujete ili stavki u ko\u0161arici za kupnju ukoliko ste na Internet mjestu koje je specijalizirano za Internet prodaju.<br><br>Kola\u010di\u0107i prema izvoru<br>&nbsp;<\/p>\n\n\n\n<ul class=\"wp-block-list\">\n<li>Kola\u010di\u0107i prve strane (first party cookie)<\/li>\n<\/ul>\n\n\n\n<p>Kola\u010di\u0107i prve strane dolaze s Internet mjesta koje gledate, a mogu biti stalni ili privremeni. Pomo\u0107u tih kola\u010di\u0107a Internet mjesta mogu pohraniti podatke koje \u0107e ponovo koristiti prilikom sljede\u0107eg posjeta tom Internet mjestu.<br>&nbsp;<\/p>\n\n\n\n<ul class=\"wp-block-list\">\n<li>Kola\u010di\u0107i tre\u0107e strane (third party cookie)<\/li>\n<\/ul>\n\n\n\n<p>Kola\u010di\u0107i tre\u0107e strane dolaze s drugih Internet mjesta, a koje se nalaze na Internet mjestu koje gledate. Pomo\u0107u tih kola\u010di\u0107a druga Internet mjesta mogu pratiti kori\u0161tenje Interneta na Internet mjestu kog gledate u marketin\u0161ke svrhe.<br><br>Kola\u010di\u0107i prema funkciji<\/p>\n\n\n\n<ul class=\"wp-block-list\">\n<li>Tehni\u010dki kola\u010di\u0107i &#8211; obavezni kola\u010di\u0107i<\/li>\n<\/ul>\n\n\n\n<p>(uvijek aktivni) &#8211; nu\u017eni za funkcioniranje Internet mjesta i ne mogu se isklju\u010diti u na\u0161im sustavima. Uobi\u010dajeno se postavljaju kao odgovor na va\u0161e radnje koje uklju\u010duju zahtjev za uslugama, kao \u0161to su postavke kola\u010di\u0107a, prijava ili ispunjavanje obrazaca. Svoj preglednik mo\u017eete postaviti da blokira te kola\u010di\u0107e ili po\u0161alje upozorenje o njima, ali u tom slu\u010daju neki dijelovi stranice ne\u0107e raditi. Ti kola\u010di\u0107i ne pohranjuju nikakve informacije koje bi vas mogle identificirati.<br>&nbsp;<\/p>\n\n\n\n<ul class=\"wp-block-list\">\n<li>Funkcionalni kola\u010di\u0107i<\/li>\n<\/ul>\n\n\n\n<p>(mogu se isklju\u010diti) &#8211; omogu\u0107uju Internet mjestu pru\u017eanje pobolj\u0161ane funkcionalnosti i personalizaciju. Mo\u017eemo ih postaviti mi ili pru\u017eatelji usluga tre\u0107ih strana \u010dije su usluge dodane na na\u0161e stranice. Ako ne omogu\u0107ite te kola\u010di\u0107e, neke od tih funkcija mo\u017eda ne\u0107e pravilno funkcionirati.<br>&nbsp;<\/p>\n\n\n\n<ul class=\"wp-block-list\">\n<li>Marketin\u0161ki<\/li>\n<\/ul>\n\n\n\n<p>(mogu se isklju\u010diti) &#8211; omogu\u0107uju bilje\u017eenje posjeta i izvora prometa kako bismo mogli mjeriti i pobolj\u0161ati u\u010dinkovitost na\u0161eg Internet mjesta. Poma\u017eu nam saznati koje su stranice najvi\u0161e i najmanje popularne i vidjeti kako se posjetitelji kre\u0107u stranicom. Sve informacije koje ti kola\u010di\u0107i prikupljaju akumuliraju se i stoga ostaju anonimni. Ako ne omogu\u0107ite te kola\u010di\u0107e, ne\u0107emo znati kada ste posjetili na\u0161u stranicu i ne\u0107emo mo\u0107i pratiti njezinu u\u010dinkovitost. Ne pohranjuju izravno osobne postavke, ali temelje se na jedinstvenoj identifikaciji va\u0161eg preglednika i internetskog ure\u0111aja. Ako ne omogu\u0107ite te kola\u010di\u0107e, susrest \u0107ete se s manje ciljanim ogla\u0161avanjem.<br>&nbsp;<br><strong>Kola\u010di\u0107i koji se koriste na ovoj Internet stranici:&nbsp;&nbsp;<\/strong>&nbsp;<\/p>\n\n\n\n<ul class=\"wp-block-list\">\n<li>Osnovni kola\u010di\u0107i<\/li>\n\n\n\n<li>Analiti\u010dki kola\u010di\u0107i<\/li>\n\n\n\n<li>Kola\u010di\u0107i tre\u0107e strane<\/li>\n<\/ul>\n\n\n\n<p><br><strong>Kako prihvatiti ili odbiti kola\u010di\u0107e<\/strong><\/p>\n\n\n\n<p>Okvir za postavke kola\u010di\u0107a nalazi se u podno\u017eju ovog Internet mjesta. Nakon odabira postavki, u svakom trenutku mo\u017eete postaviti na po\u010detne postavke kola\u010di\u0107a tako\u0111er u podno\u017eju ovog Internet mjesta.<br><br>Odabirom opcije Prihva\u0107am sve kola\u010di\u0107e dopu\u0161tate pohranjivanje svih gore navedenih kola\u010di\u0107a na va\u0161e ra\u010dunalo ili mobilni ure\u0111aj.<br>Odabirom opcije Prihva\u0107am samo neophodne kola\u010di\u0107e na va\u0161e ra\u010dunalo ili mobilni ure\u0111aj pohranjuju se samo vrijednosti za tehni\u010dke-obavezne kola\u010di\u0107e.<br><br>Ako onemogu\u0107ite kola\u010di\u0107e, mo\u017eda ne\u0107ete mo\u0107i koristiti neke od funkcionalnosti ovog Internet mjesta.<br><br>Dodatno mo\u017eete prihvatiti ili odbiti neke ili sve kola\u010di\u0107e prilago\u0111avanjem postavki Va\u0161eg preglednika. Na sljede\u0107im poveznicama mo\u017eete prona\u0107i informacije o tome kako promijeniti postavke za neke od naj\u010de\u0161\u0107e kori\u0161tenih Internet preglednika: Mozilla Firefox, Google Chrome, Microsoft Internet Explorer, Apple Safari, Opera.&nbsp; Neki preglednici Vam omogu\u0107uju kretanje kroz Internet mjesto u &#8220;anonimnom&#8221; na\u010dinu rada, ograni\u010davaju\u0107i koli\u010dinu podataka postavljenih na va\u0161em ra\u010dunalu i automatsko brisanje trajnih kola\u010di\u0107a postavljenih na va\u0161e ra\u010dunalo ili mobilni ure\u0111aj kada zavr\u0161ite sesiju pregledavanja. Postoje i mnoge aplikacije tre\u0107ih strana koje mo\u017eete dodati u preglednik da biste blokirali ili upravljali kola\u010di\u0107ima. Mo\u017eete i izbrisati kola\u010di\u0107e koji su prethodno bili postavljeni u va\u0161 preglednik tako da odaberete opciju za brisanje povijesti pregledavanja i pritom uklju\u010dite i opciju brisanja kola\u010di\u0107a. Detaljnije informacije o kola\u010di\u0107ima i pode\u0161avanje postavki preglednika mo\u017eete prona\u0107i na stranici&nbsp;<a href=\"http:\/\/www.allaboutcookies.org.\/\"><u>www.allaboutcookies.org<\/u><\/a>.<\/p>\n","protected":false},"excerpt":{"rendered":"<p>Kori\u0161tenje kola\u010di\u0107a (cookies) Da bi kola\u010di\u0107e mogli koristiti sukladno UREDBI (EU) 2016\/679 EUROPSKOG PARLAMENTA I VIJE\u0106A o za\u0161titi pojedinaca u vezi s obradom osobnih podataka i o slobodnom kretanju takvih podataka (Op\u0107oj uredbi o za\u0161titi podataka), Zakonu o provedbi Op\u0107e uredbe, Zakonu o elektroni\u010dkim komunikacijama, treba nam va\u0161a privola. \u0160to su kola\u010di\u0107i i za \u0161to\u2026 <span class=\"read-more\"><a href=\"https:\/\/losinj-usluge.hr\/?page_id=3680\">Read More &raquo;<\/a><\/span><\/p>\n","protected":false},"author":1,"featured_media":0,"parent":0,"menu_order":0,"comment_status":"closed","ping_status":"closed","template":"","meta":{"footnotes":""},"class_list":["post-3680","page","type-page","status-publish","hentry"],"_links":{"self":[{"href":"https:\/\/losinj-usluge.hr\/index.php?rest_route=\/wp\/v2\/pages\/3680","targetHints":{"allow":["GET"]}}],"collection":[{"href":"https:\/\/losinj-usluge.hr\/index.php?rest_route=\/wp\/v2\/pages"}],"about":[{"href":"https:\/\/losinj-usluge.hr\/index.php?rest_route=\/wp\/v2\/types\/page"}],"author":[{"embeddable":true,"href":"https:\/\/losinj-usluge.hr\/index.php?rest_route=\/wp\/v2\/users\/1"}],"replies":[{"embeddable":true,"href":"https:\/\/losinj-usluge.hr\/index.php?rest_route=%2Fwp%2Fv2%2Fcomments&post=3680"}],"version-history":[{"count":1,"href":"https:\/\/losinj-usluge.hr\/index.php?rest_route=\/wp\/v2\/pages\/3680\/revisions"}],"predecessor-version":[{"id":3681,"href":"https:\/\/losinj-usluge.hr\/index.php?rest_route=\/wp\/v2\/pages\/3680\/revisions\/3681"}],"wp:attachment":[{"href":"https:\/\/losinj-usluge.hr\/index.php?rest_route=%2Fwp%2Fv2%2Fmedia&parent=3680"}],"curies":[{"name":"wp","href":"https:\/\/api.w.org\/{rel}","templated":true}]}}