{"id":81,"date":"2025-01-31T15:40:05","date_gmt":"2025-01-31T14:40:05","guid":{"rendered":"http:\/\/losinj-usluge.hr\/?page_id=81"},"modified":"2026-03-13T13:19:34","modified_gmt":"2026-03-13T12:19:34","slug":"garaza-bocac","status":"publish","type":"page","link":"https:\/\/losinj-usluge.hr\/?page_id=81","title":{"rendered":"PARKIRALI\u0160TA &#8211; zatvorenog i otvorenog tipa"},"content":{"rendered":"<h2>Parkirali\u0161ta zatvorenog tipa<\/h2>\n<p>Parkirali\u0161ta zatvorenog tipa karakterizira naplata parkiranja na naplatnim mjestima za vrijeme provedeno na parkirali\u0161tu, od strane za to ovla\u0161tene osobe odnosno naplatni\u010dara parkiranja, prilikom ili neposredno prije odlaska s parkirali\u0161ta. Parkirali\u0161ta zatvorenog tipa na podru\u010dju Grada Malog Lo\u0161inja su sljede\u0107a:<\/p>\n<ol>\n<li>Javna gara\u017ea\u00a0 Bo\u010dac.<\/li>\n<\/ol>\n<p><span style=\"color: #444444;\">Naplata parkiranja na navedenom parkirali\u0161timu se vr\u0161i po va\u017ee\u0107em cjeniku &#8211;<\/span><\/p>\n<p><a href=\"https:\/\/losinj-usluge.hr\/wp-content\/uploads\/2025\/03\/Cjenik-usluge-parkiranja-na-podrucju-Grada-Malog-Losinja-2025.pdf\">https:\/\/losinj-usluge.hr\/wp-content\/uploads\/2025\/03\/Cjenik-usluge-parkiranja-na-podrucju-Grada-Malog-Losinja-2025.pdf<\/a><\/p>\n\n\n<p><\/p>\n\n\n\n<div class=\"wp-block-columns is-layout-flex wp-container-core-columns-is-layout-9d6595d7 wp-block-columns-is-layout-flex\">\n<div class=\"wp-block-column is-layout-flow wp-block-column-is-layout-flow\" style=\"flex-basis:100%\">\n<p><a href=\"https:\/\/losinj-usluge.hr\/?attachment_id=3424\">Cjenik usluga parkiranja na podru\u010dju grada Malog Lo\u0161inja<\/a><\/p>\n<p><a href=\"https:\/\/losinj-usluge.hr\/?attachment_id=3202\">Cjenik usluge naplate parkiranja 2024<\/a><\/p>\n<p>&nbsp;<\/p>\n<p><img loading=\"lazy\" decoding=\"async\" class=\"\" src=\"http:\/\/losinj-usluge.hr\/wp-content\/uploads\/2014\/05\/zat-budovina.jpg\" alt=\"zat-budovina\" width=\"520\" height=\"390\" \/><\/p>\n<\/div>\n<\/div>\n\n\n\n<p>2025<\/p>\n\n\n\n<p><\/p>\n\n\n\n<ul class=\"wp-block-list\">\n<li><strong>Gara\u017ea Bo\u010dac (zatvoreni sustav)<\/strong><\/li>\n<\/ul>\n\n\n\n<p><\/p>\n\n\n\n<figure class=\"wp-block-table is-style-stripes\"><table><tbody><tr><td class=\"has-text-align-center\" data-align=\"center\"><strong>Vremenski period <\/strong><strong><\/strong><\/td><td><strong>01.06.-30.0<\/strong>9<\/td><td class=\"has-text-align-left\" data-align=\"left\"><strong>01.10.-31.<\/strong>05<\/td><td><\/td><\/tr><tr><td class=\"has-text-align-center\" data-align=\"center\">Radno vrijeme<\/td><td>07.00-23.00 h<\/td><td class=\"has-text-align-left\" data-align=\"left\">08.00-21.00h<\/td><td><\/td><\/tr><tr><td class=\"has-text-align-center\" data-align=\"center\">Sustav parkinga<\/td><td>  otvoreni<\/td><td class=\"has-text-align-left\" data-align=\"left\"> otvoreni<\/td><td><\/td><\/tr><tr><td class=\"has-text-align-center\" data-align=\"center\">Nedjelja i praznik<\/td><td>   radno<\/td><td class=\"has-text-align-left\" data-align=\"left\"> neradno<\/td><td><\/td><\/tr><tr><td class=\"has-text-align-center\" data-align=\"center\"><strong>Zona <\/strong><strong><\/strong><\/td><td>       <strong>I<\/strong><\/td><td class=\"has-text-align-left\" data-align=\"left\">       <strong>I<\/strong><\/td><td><\/td><\/tr><tr><td class=\"has-text-align-center\" data-align=\"center\">Svaki&nbsp;sat\/hour<\/td><td>  2,00 \u20ac<\/td><td class=\"has-text-align-left\" data-align=\"left\">  1,00 \u20ac<\/td><td><\/td><\/tr><tr><td class=\"has-text-align-center\" data-align=\"center\">Dnevna karta \/Daily ticket (24 sata) <\/td><td> 16.00 \u20ac<\/td><td class=\"has-text-align-left\" data-align=\"left\">  8,00 \u20ac<\/td><td>&nbsp;<\/td><\/tr><tr><td class=\"has-text-align-center\" data-align=\"center\"><\/td><td><\/td><td class=\"has-text-align-left\" data-align=\"left\"><\/td><td><\/td><\/tr><tr><td class=\"has-text-align-center\" data-align=\"center\">Pretplata &#8211; Mjese\u010dna karta (stanari)<\/td><td> 50,00 \u20ac<\/td><td class=\"has-text-align-left\" data-align=\"left\"> 20,00 \u20ac<\/td><td><\/td><\/tr><tr><td class=\"has-text-align-center\" data-align=\"center\">Rezervirana parkirna mjesta stanari -godi\u0161nje<\/td><td>                              780,00 \u20ac                  <\/td><td class=\"has-text-align-left\" data-align=\"left\"><\/td><td><\/td><\/tr><tr><td class=\"has-text-align-center\" data-align=\"center\">Rezervirana parkirna mjesta osobe bez prebivali\u0161ta- godi\u0161nje<\/td><td>1200,00 \u20ac<\/td><td class=\"has-text-align-left\" data-align=\"left\"><\/td><td>&nbsp;<\/td><\/tr><\/tbody><\/table><\/figure>\n\n\n\n<h2 class=\"wp-block-heading\">Parkirali\u0161ta otvorenog tipa<\/h2>\n\n\n\n<p><em>Parkirali\u0161ta otvorenog tipa karakterizira naplata parkiranja pomo\u0107u naplatnih automata uz kontrolu naplate parkiranja, od strane za to ovla\u0161tene osobe, odnosno kontrolora parkirali\u0161ta. Naplata parkiranja na parkirali\u0161tima otvorenog tipa vr\u0161i se unaprijed za vrijeme koje \u0107e auto biti parkiran na odre\u0111enom parkirali\u0161tu. Parkirali\u0161ta otvorenog tipa na podru\u010dju Grada Malog Lo\u0161inja podijeljena su u zone i to:<\/em><\/p>\n\n\n<div class=\"wp-block-image is-style-default\">\n<figure class=\"alignleft is-resized\"><a href=\"http:\/\/losinj-usluge.hr\/wp-content\/uploads\/2014\/05\/nap_aut.jpg\"><img loading=\"lazy\" decoding=\"async\" width=\"87\" height=\"300\" src=\"http:\/\/losinj-usluge.hr\/wp-content\/uploads\/2014\/05\/nap_aut-87x300.jpg\" alt=\"nap_aut\" class=\"wp-image-240\" style=\"width:126px;height:434px\" srcset=\"https:\/\/losinj-usluge.hr\/wp-content\/uploads\/2014\/05\/nap_aut-87x300.jpg 87w, https:\/\/losinj-usluge.hr\/wp-content\/uploads\/2014\/05\/nap_aut-296x1024.jpg 296w, https:\/\/losinj-usluge.hr\/wp-content\/uploads\/2014\/05\/nap_aut.jpg 520w\" sizes=\"auto, (max-width: 87px) 100vw, 87px\" \/><\/a><figcaption class=\"wp-element-caption\">Hectronic <\/figcaption><\/figure>\n<\/div>\n\n\n<p><\/p>\n\n\n\n<p><em><a href=\"http:\/\/losinj-usluge.hr\/wp-content\/uploads\/2014\/05\/nap_aut.jpg\"><br><\/a>Naplata parkiranja se vr\u0161i po za to predvi\u0111enom cjeniku &#8211; Cijene i uvjeti parkirali\u0161ta<\/em> za 2024<em>. pomo\u0107u za to predvi\u0111enih automata za naplatu ili putem SMS poruke na broj: &nbsp; &nbsp; &nbsp;                &nbsp; za zone:&nbsp; 0 = 708889,&nbsp;  za zonu 1 = 708887,&nbsp;  te za zonu  2 =708884.<\/em><\/p>\n\n\n\n<p><em>U slu\u010daju nepla\u0107anja parkiranja kontrolor parkirali\u0161ta izdaje dnevnu kartu u iznosu nazna\u010denom u cjeniku. Dnevna karta izdana od strane kontrolora mo\u017ee se platiti op\u0107om uplatnicom ili u uredu Lo\u0161inj usluga d.o.o. na adresi Dra\u017eica 17\/A.<\/em><\/p>\n\n\n\n<p><em>(slika lijevo: primjer naplatnog automata na parkirali\u0161tu otvorenog tipa, zona 1)<\/em><\/p>\n\n\n\n<p><a href=\"https:\/\/losinj-usluge.hr\/wp-content\/uploads\/2025\/03\/Cjenik-usluge-parkiranja-na-podrucju-Grada-Malog-Losinja-2025.pdf\">Cjenik usluga parkiranja na podru\u010dju grada Malog Lo\u0161inja<\/a><\/p>\n","protected":false},"excerpt":{"rendered":"<p>Parkirali\u0161ta zatvorenog tipa Parkirali\u0161ta zatvorenog tipa karakterizira naplata parkiranja na naplatnim mjestima za vrijeme provedeno na parkirali\u0161tu, od strane za to ovla\u0161tene osobe odnosno naplatni\u010dara parkiranja, prilikom ili neposredno prije odlaska s parkirali\u0161ta. Parkirali\u0161ta zatvorenog tipa na podru\u010dju Grada Malog Lo\u0161inja su sljede\u0107a: Javna gara\u017ea\u00a0 Bo\u010dac. Naplata parkiranja na navedenom parkirali\u0161timu se vr\u0161i po va\u017ee\u0107em\u2026 <span class=\"read-more\"><a href=\"https:\/\/losinj-usluge.hr\/?page_id=81\">Read More &raquo;<\/a><\/span><\/p>\n","protected":false},"author":1,"featured_media":0,"parent":19,"menu_order":0,"comment_status":"closed","ping_status":"closed","template":"","meta":{"footnotes":""},"class_list":["post-81","page","type-page","status-publish","hentry"],"_links":{"self":[{"href":"https:\/\/losinj-usluge.hr\/index.php?rest_route=\/wp\/v2\/pages\/81","targetHints":{"allow":["GET"]}}],"collection":[{"href":"https:\/\/losinj-usluge.hr\/index.php?rest_route=\/wp\/v2\/pages"}],"about":[{"href":"https:\/\/losinj-usluge.hr\/index.php?rest_route=\/wp\/v2\/types\/page"}],"author":[{"embeddable":true,"href":"https:\/\/losinj-usluge.hr\/index.php?rest_route=\/wp\/v2\/users\/1"}],"replies":[{"embeddable":true,"href":"https:\/\/losinj-usluge.hr\/index.php?rest_route=%2Fwp%2Fv2%2Fcomments&post=81"}],"version-history":[{"count":97,"href":"https:\/\/losinj-usluge.hr\/index.php?rest_route=\/wp\/v2\/pages\/81\/revisions"}],"predecessor-version":[{"id":3714,"href":"https:\/\/losinj-usluge.hr\/index.php?rest_route=\/wp\/v2\/pages\/81\/revisions\/3714"}],"up":[{"embeddable":true,"href":"https:\/\/losinj-usluge.hr\/index.php?rest_route=\/wp\/v2\/pages\/19"}],"wp:attachment":[{"href":"https:\/\/losinj-usluge.hr\/index.php?rest_route=%2Fwp%2Fv2%2Fmedia&parent=81"}],"curies":[{"name":"wp","href":"https:\/\/api.w.org\/{rel}","templated":true}]}}